{"id":4267,"date":"2020-06-22T15:08:58","date_gmt":"2020-06-22T15:08:58","guid":{"rendered":"http:\/\/deptopromomujeryrn.med.uchile.cl\/wp\/?page_id=4267"},"modified":"2023-11-13T12:40:16","modified_gmt":"2023-11-13T12:40:16","slug":"centro-colaborador-ops","status":"publish","type":"page","link":"https:\/\/www.deptopromomujeryrn.med.uchile.cl\/wp\/?page_id=4267","title":{"rendered":"El Centro Colaborador OPS\/OMS para el Desarrollo de la Parter\u00eda en Am\u00e9rica Latina y Pa\u00edses del Caribe (LAC)"},"content":{"rendered":"","protected":false},"excerpt":{"rendered":"","protected":false},"author":1,"featured_media":0,"parent":0,"menu_order":0,"comment_status":"closed","ping_status":"closed","template":"","meta":{"footnotes":""},"class_list":["post-4267","page","type-page","status-publish","hentry"],"_links":{"self":[{"href":"https:\/\/www.deptopromomujeryrn.med.uchile.cl\/wp\/index.php?rest_route=\/wp\/v2\/pages\/4267","targetHints":{"allow":["GET"]}}],"collection":[{"href":"https:\/\/www.deptopromomujeryrn.med.uchile.cl\/wp\/index.php?rest_route=\/wp\/v2\/pages"}],"about":[{"href":"https:\/\/www.deptopromomujeryrn.med.uchile.cl\/wp\/index.php?rest_route=\/wp\/v2\/types\/page"}],"author":[{"embeddable":true,"href":"https:\/\/www.deptopromomujeryrn.med.uchile.cl\/wp\/index.php?rest_route=\/wp\/v2\/users\/1"}],"replies":[{"embeddable":true,"href":"https:\/\/www.deptopromomujeryrn.med.uchile.cl\/wp\/index.php?rest_route=%2Fwp%2Fv2%2Fcomments&post=4267"}],"version-history":[{"count":10,"href":"https:\/\/www.deptopromomujeryrn.med.uchile.cl\/wp\/index.php?rest_route=\/wp\/v2\/pages\/4267\/revisions"}],"predecessor-version":[{"id":10303,"href":"https:\/\/www.deptopromomujeryrn.med.uchile.cl\/wp\/index.php?rest_route=\/wp\/v2\/pages\/4267\/revisions\/10303"}],"wp:attachment":[{"href":"https:\/\/www.deptopromomujeryrn.med.uchile.cl\/wp\/index.php?rest_route=%2Fwp%2Fv2%2Fmedia&parent=4267"}],"curies":[{"name":"wp","href":"https:\/\/api.w.org\/{rel}","templated":true}]}}